{"id":11,"date":"2016-05-23T14:04:55","date_gmt":"2016-05-23T14:04:55","guid":{"rendered":"http:\/\/www.brunomourral.com\/?page_id=11"},"modified":"2017-07-13T00:52:55","modified_gmt":"2017-07-13T00:52:55","slug":"short-films","status":"publish","type":"page","link":"http:\/\/www.brunomourral.com\/?page_id=11","title":{"rendered":"SHORT FILMS"},"content":{"rendered":"<div class=\"fw-page-builder-content\">\n<h1 class=\"fw-special-title\">BRUNO MOURRAL<\/h1>\n<p> Motion Pictures, Short Films and Commercials Director<br \/>\n <a class=\"fw-block-image-child fw-noratio fw-ratio-container\" href=\"https:\/\/vimeo.com\/116282007\" data-rel=\"prettyPhoto\"><br \/>\n <img src=\"http:\/\/www.brunomourral.com\/wp-content\/uploads\/2017\/07\/Kidnapping.png\" alt=\"Kidnapping\" data-maxdpr=\"1.7\" width=\"570\" class=\"lazyload\" \/><img src=\"data:image\/gif;base64,R0lGODlhAQABAIAAAAAAAP\/\/\/yH5BAEAAAAALAAAAAABAAEAAAIBRAA7\" data-sizes=\"auto\" data-srcset=\"http:\/\/www.brunomourral.com\/wp-content\/uploads\/2017\/07\/Kidnapping.png 888w\" alt=\"Kidnapping\" data-maxdpr=\"1.7\" width=\"570\" class=\"lazyload\" \/><br \/>\n <\/a><br \/>\n <a class=\"fw-block-image-child fw-noratio fw-ratio-container\" href=\"https:\/\/vimeo.com\/70401964\" data-rel=\"prettyPhoto\"><br \/>\n <img src=\"http:\/\/www.brunomourral.com\/wp-content\/uploads\/2017\/07\/Screen-Shot-2017-07-10-at-1.09.19-PM.png\" alt=\"Screen Shot 2017-07-10 at 1.09.19 PM\" data-maxdpr=\"1.7\" width=\"570\" class=\"lazyload\" \/><img src=\"data:image\/gif;base64,R0lGODlhAQABAIAAAAAAAP\/\/\/yH5BAEAAAAALAAAAAABAAEAAAIBRAA7\" data-sizes=\"auto\" data-srcset=\"http:\/\/www.brunomourral.com\/wp-content\/uploads\/2017\/07\/Screen-Shot-2017-07-10-at-1.09.19-PM.png 849w\" alt=\"Screen Shot 2017-07-10 at 1.09.19 PM\" data-maxdpr=\"1.7\" width=\"570\" class=\"lazyload\" \/><br \/>\n <\/a><\/p>\n<h4 class=\"fw-special-title\">KIDNAPPING INC. PITCH<\/h4>\n<p style=\"text-align: left;\">Doc and Zoe are delivery-kidnappers for the largest Haitian corporation specialized in kidnapping: Kidnapping Inc. Today&#8217;s schedule is to deliver a senator&#8217;s son worth US $ 300 000 and pick up a ransom. In the midst of their usual bickering, Zoe foolishly misunderstands Doc and kills the senator&#8217;s son. Trying to fix this mess before the big boss finds out, they stumble upon Patrick and his nine-month pregnant wife, Laura, both on their way to catch a flight out of Haiti. The young couple must at all cost give birth to their first child on U.S. soil. Patrick&#8217;s misfortune is that he looks exactly like the dead senator&#8217;s son, which sets our amateur kidnappers on the craziest kidnapping of their lives.<\/p>\n<h4 class=\"fw-special-title\">OGOU LE REVENANT TEASER 2<\/h4>\n<p style=\"text-align: left;\">Production: Muska Group \/ Maninhat FilmsActor: Jimmy Jean Louis, Junior Metellus&#8230;Producer: Gaethan ChancyDirector: Bruno MourralAD: Alessandro PenazziDP: Lucas GathCamera: Jean Lucc\u00e8re GermainSon: S\u00e9bastien DenisMix: J\u00e9r\u00e9my CreachSPFX: GruponousMusique: &#8220;Bing Bing&#8221; by Rockfam&#8221;Bal Wouj&#8221; by Lord DuceOriginal Music by Muska Soundz2013<\/p>\n<p> <a class=\"fw-block-image-child fw-ratio-3-2 fw-ratio-container\" href=\"https:\/\/vimeo.com\/111642327\" data-rel=\"prettyPhoto\"><br \/>\n <img src=\"http:\/\/www.brunomourral.com\/wp-content\/uploads\/2016\/05\/film-1.jpg\" alt=\"film-1\" data-maxdpr=\"1.7\" width=\"570\" class=\"lazyload\" \/><img src=\"data:image\/gif;base64,R0lGODlhAQABAIAAAAAAAP\/\/\/yH5BAEAAAAALAAAAAABAAEAAAIBRAA7\" data-sizes=\"auto\" data-srcset=\"http:\/\/www.brunomourral.com\/wp-content\/uploads\/2016\/05\/film-1-300x199.jpg 300w, http:\/\/www.brunomourral.com\/wp-content\/uploads\/2016\/05\/film-1.jpg 554w\" alt=\"film-1\" data-maxdpr=\"1.7\" width=\"570\" class=\"lazyload\" \/><br \/>\n <\/a><\/p>\n<h4 class=\"fw-special-title\">AROUND THE WORLD<\/h4>\n<p style=\"text-align: left;\">Curabitur vulputate, ligula lacinia scelerisque tempor, lacus lacus ornare ante, ac egestas est urna sit amet arcu. Class aptent taciti sociosqu ad litora torquent per conubia nostra, per inceptos himenaeos. Sed molestie augue sit amet leo consequat posuere.<\/p>\n<p> <a href=\"https:\/\/vimeo.com\/111642327\" target=\"_self\" class=\"fw-btn tf-sh-ca0cc80d9488760f9c0b1dc72484bd99 fw-btn-sm fw-btn-3\" data-rel=\"prettyPhoto\" style=\"\"><br \/>\n WATCH IT ON VIMEO<br \/>\n <\/a><br \/>\n <a class=\"fw-block-image-child fw-ratio-3-2 fw-ratio-container\" href=\"https:\/\/vimeo.com\/111642327\" data-rel=\"prettyPhoto\"><br \/>\n <img src=\"http:\/\/www.brunomourral.com\/wp-content\/uploads\/2016\/05\/film-2.jpg\" alt=\"film-2\" data-maxdpr=\"1.7\" width=\"570\" class=\"lazyload\" \/><img src=\"data:image\/gif;base64,R0lGODlhAQABAIAAAAAAAP\/\/\/yH5BAEAAAAALAAAAAABAAEAAAIBRAA7\" data-sizes=\"auto\" data-srcset=\"http:\/\/www.brunomourral.com\/wp-content\/uploads\/2016\/05\/film-2-300x199.jpg 300w, http:\/\/www.brunomourral.com\/wp-content\/uploads\/2016\/05\/film-2.jpg 554w\" alt=\"film-2\" data-maxdpr=\"1.7\" width=\"570\" class=\"lazyload\" \/><br \/>\n <\/a><\/p>\n<h4 class=\"fw-special-title\">FLAVOURS<\/h4>\n<p style=\"text-align: left;\">Curabitur vulputate, ligula lacinia scelerisque tempor, lacus lacus ornare ante, ac egestas est urna sit amet arcu. Class aptent taciti sociosqu ad litora torquent per conubia nostra, per inceptos himenaeos. Sed molestie augue sit amet leo consequat posuere.<\/p>\n<p> <a href=\"https:\/\/vimeo.com\/111642327\" target=\"_self\" class=\"fw-btn tf-sh-ffa92f0154a1c70d6ede0c7f47ba76be fw-btn-sm fw-btn-3\" data-rel=\"prettyPhoto\" style=\"\"><br \/>\n WATCH IT ON VIMEO<br \/>\n <\/a><br \/>\n <a class=\"fw-block-image-child fw-noratio fw-ratio-container\" href=\"https:\/\/vimeo.com\/67202212\" data-rel=\"prettyPhoto\"><br \/>\n <img src=\"http:\/\/www.brunomourral.com\/wp-content\/uploads\/2017\/07\/necrologue.png\" alt=\"necrologue\" data-maxdpr=\"1.7\" width=\"570\" class=\"lazyload\" \/><img src=\"data:image\/gif;base64,R0lGODlhAQABAIAAAAAAAP\/\/\/yH5BAEAAAAALAAAAAABAAEAAAIBRAA7\" data-sizes=\"auto\" data-srcset=\"http:\/\/www.brunomourral.com\/wp-content\/uploads\/2017\/07\/necrologue.png 897w\" alt=\"necrologue\" data-maxdpr=\"1.7\" width=\"570\" class=\"lazyload\" \/><br \/>\n <\/a><br \/>\n <a class=\"fw-block-image-child fw-noratio fw-ratio-container\" href=\"https:\/\/vimeo.com\/66515235\" data-rel=\"prettyPhoto\"><br \/>\n <img src=\"http:\/\/www.brunomourral.com\/wp-content\/uploads\/2017\/07\/Screen-Shot-2017-07-10-at-1.13.33-PM.png\" alt=\"Screen Shot 2017-07-10 at 1.13.33 PM\" data-maxdpr=\"1.7\" width=\"570\" class=\"lazyload\" \/><img src=\"data:image\/gif;base64,R0lGODlhAQABAIAAAAAAAP\/\/\/yH5BAEAAAAALAAAAAABAAEAAAIBRAA7\" data-sizes=\"auto\" data-srcset=\"http:\/\/www.brunomourral.com\/wp-content\/uploads\/2017\/07\/Screen-Shot-2017-07-10-at-1.13.33-PM.png 788w\" alt=\"Screen Shot 2017-07-10 at 1.13.33 PM\" data-maxdpr=\"1.7\" width=\"570\" class=\"lazyload\" \/><br \/>\n <\/a><\/p>\n<h4 class=\"fw-special-title\"> LE N\u00c9CROLOGUE<\/h4>\n<p style=\"text-align: left;\">BHM FilmsCliomovie ContestThomas Galezot, Helene MouchelDir: Bruno MourralDP: Nabil Ben Merdes2007<\/p>\n<h4 class=\"fw-special-title\"> THE PARKING FINALS<\/h4>\n<p style=\"text-align: left;\">BHM FILMSEICARInti Sraj, Sophie Martin, Olivier Ho Hio HanDir: Bruno MourralDP: Nabil Ben Merdes2006<\/p>\n<p> <a class=\"fw-block-image-child fw-ratio-3-2 fw-ratio-container\" href=\"https:\/\/vimeo.com\/111642327\" data-rel=\"prettyPhoto\"><br \/>\n <img src=\"http:\/\/www.brunomourral.com\/wp-content\/uploads\/2016\/05\/film-3.jpg\" alt=\"film-3\" data-maxdpr=\"1.7\" width=\"570\" class=\"lazyload\" \/><img src=\"data:image\/gif;base64,R0lGODlhAQABAIAAAAAAAP\/\/\/yH5BAEAAAAALAAAAAABAAEAAAIBRAA7\" data-sizes=\"auto\" data-srcset=\"http:\/\/www.brunomourral.com\/wp-content\/uploads\/2016\/05\/film-3-300x199.jpg 300w, http:\/\/www.brunomourral.com\/wp-content\/uploads\/2016\/05\/film-3.jpg 554w\" alt=\"film-3\" data-maxdpr=\"1.7\" width=\"570\" class=\"lazyload\" \/><br \/>\n <\/a><\/p>\n<h4 class=\"fw-special-title\">HOW IT&#8217;S MADE<\/h4>\n<p style=\"text-align: left;\">Curabitur vulputate, ligula lacinia scelerisque tempor, lacus lacus ornare ante, ac egestas est urna sit amet arcu. Class aptent taciti sociosqu ad litora torquent per conubia nostra, per inceptos himenaeos. Sed molestie augue sit amet leo consequat posuere.<\/p>\n<p> <a href=\"https:\/\/vimeo.com\/111642327\" target=\"_self\" class=\"fw-btn tf-sh-0c629b1f259070d18fcdead1e4c1fc52 fw-btn-sm fw-btn-3\" data-rel=\"prettyPhoto\" style=\"\"><br \/>\n WATCH IT ON VIMEO<br \/>\n <\/a><br \/>\n <a class=\"fw-block-image-child fw-ratio-3-2 fw-ratio-container\" href=\"https:\/\/vimeo.com\/111642327\" data-rel=\"prettyPhoto\"><br \/>\n <img src=\"http:\/\/www.brunomourral.com\/wp-content\/uploads\/2016\/05\/film-4.jpg\" alt=\"film-4\" data-maxdpr=\"1.7\" width=\"570\" class=\"lazyload\" \/><img src=\"data:image\/gif;base64,R0lGODlhAQABAIAAAAAAAP\/\/\/yH5BAEAAAAALAAAAAABAAEAAAIBRAA7\" data-sizes=\"auto\" data-srcset=\"http:\/\/www.brunomourral.com\/wp-content\/uploads\/2016\/05\/film-4-300x199.jpg 300w, http:\/\/www.brunomourral.com\/wp-content\/uploads\/2016\/05\/film-4.jpg 554w\" alt=\"film-4\" data-maxdpr=\"1.7\" width=\"570\" class=\"lazyload\" \/><br \/>\n <\/a><\/p>\n<h4 class=\"fw-special-title\">OCEAN LIFE<\/h4>\n<p style=\"text-align: left;\">Curabitur vulputate, ligula lacinia scelerisque tempor, lacus lacus ornare ante, ac egestas est urna sit amet arcu. Class aptent taciti sociosqu ad litora torquent per conubia nostra, per inceptos himenaeos. Sed molestie augue sit amet leo consequat posuere.<\/p>\n<p> <a href=\"https:\/\/vimeo.com\/111642327\" target=\"_self\" class=\"fw-btn tf-sh-ba553c73f7a9d7a8afbe6ba5fbcb0f67 fw-btn-sm fw-btn-3\" data-rel=\"prettyPhoto\" style=\"\"><br \/>\n WATCH IT ON VIMEO<br \/>\n <\/a><br \/>\n <a class=\"fw-block-image-child fw-ratio-3-2 fw-ratio-container\" href=\"https:\/\/vimeo.com\/111642327\" data-rel=\"prettyPhoto\"><br \/>\n <img src=\"http:\/\/www.brunomourral.com\/wp-content\/uploads\/2016\/05\/film-5.jpg\" alt=\"film-5\" data-maxdpr=\"1.7\" width=\"570\" class=\"lazyload\" \/><img src=\"data:image\/gif;base64,R0lGODlhAQABAIAAAAAAAP\/\/\/yH5BAEAAAAALAAAAAABAAEAAAIBRAA7\" data-sizes=\"auto\" data-srcset=\"http:\/\/www.brunomourral.com\/wp-content\/uploads\/2016\/05\/film-5-300x199.jpg 300w, http:\/\/www.brunomourral.com\/wp-content\/uploads\/2016\/05\/film-5.jpg 554w\" alt=\"film-5\" data-maxdpr=\"1.7\" width=\"570\" class=\"lazyload\" \/><br \/>\n <\/a><br \/>\n <a class=\"fw-block-image-child fw-ratio-3-2 fw-ratio-container\" href=\"https:\/\/vimeo.com\/111642327\" data-rel=\"prettyPhoto\"><br \/>\n <img src=\"http:\/\/www.brunomourral.com\/wp-content\/uploads\/2016\/05\/film-6.jpg\" alt=\"film-6\" data-maxdpr=\"1.7\" width=\"570\" class=\"lazyload\" \/><img src=\"data:image\/gif;base64,R0lGODlhAQABAIAAAAAAAP\/\/\/yH5BAEAAAAALAAAAAABAAEAAAIBRAA7\" data-sizes=\"auto\" data-srcset=\"http:\/\/www.brunomourral.com\/wp-content\/uploads\/2016\/05\/film-6-300x199.jpg 300w, http:\/\/www.brunomourral.com\/wp-content\/uploads\/2016\/05\/film-6.jpg 554w\" alt=\"film-6\" data-maxdpr=\"1.7\" width=\"570\" class=\"lazyload\" \/><br \/>\n <\/a><\/p>\n<h4 class=\"fw-special-title\">LIGHTS STUDY<\/h4>\n<p style=\"text-align: left;\">Curabitur vulputate, ligula lacinia scelerisque tempor, lacus lacus ornare ante, ac egestas est urna sit amet arcu. Class aptent taciti sociosqu ad litora torquent per conubia nostra, per inceptos himenaeos. Sed molestie augue sit amet leo consequat posuere.<\/p>\n<p> <a href=\"https:\/\/vimeo.com\/111642327\" target=\"_self\" class=\"fw-btn tf-sh-4e281a57e7223f89da68891e9c061965 fw-btn-sm fw-btn-3\" data-rel=\"prettyPhoto\" style=\"\"><br \/>\n WATCH IT ON VIMEO<br \/>\n <\/a><\/p>\n<h4 class=\"fw-special-title\">FLAVOURS<\/h4>\n<p style=\"text-align: left;\">Curabitur vulputate, ligula lacinia scelerisque tempor, lacus lacus ornare ante, ac egestas est urna sit amet arcu. Class aptent taciti sociosqu ad litora torquent per conubia nostra, per inceptos himenaeos. Sed molestie augue sit amet leo consequat posuere.<\/p>\n<p> <a href=\"https:\/\/vimeo.com\/111642327\" target=\"_self\" class=\"fw-btn tf-sh-dd86168bb2a90b42eb1c86e6fc222d31 fw-btn-sm fw-btn-3\" data-rel=\"prettyPhoto\" style=\"\"><br \/>\n WATCH IT ON VIMEO<br \/>\n <\/a><br \/>\n <a class=\"fw-block-image-child fw-ratio-3-2 fw-ratio-container\" href=\"https:\/\/vimeo.com\/111642327\" data-rel=\"prettyPhoto\"><br \/>\n <img src=\"http:\/\/www.brunomourral.com\/wp-content\/uploads\/2016\/05\/film-5.jpg\" alt=\"film-5\" data-maxdpr=\"1.7\" width=\"570\" class=\"lazyload\" \/><img src=\"data:image\/gif;base64,R0lGODlhAQABAIAAAAAAAP\/\/\/yH5BAEAAAAALAAAAAABAAEAAAIBRAA7\" data-sizes=\"auto\" data-srcset=\"http:\/\/www.brunomourral.com\/wp-content\/uploads\/2016\/05\/film-5-300x199.jpg 300w, http:\/\/www.brunomourral.com\/wp-content\/uploads\/2016\/05\/film-5.jpg 554w\" alt=\"film-5\" data-maxdpr=\"1.7\" width=\"570\" class=\"lazyload\" \/><br \/>\n <\/a><\/p>\n<h4 class=\"fw-special-title\">LIGHTS STUDY<\/h4>\n<p style=\"text-align: left;\">Curabitur vulputate, ligula lacinia scelerisque tempor, lacus lacus ornare ante, ac egestas est urna sit amet arcu. Class aptent taciti sociosqu ad litora torquent per conubia nostra, per inceptos himenaeos. Sed molestie augue sit amet leo consequat posuere.<\/p>\n<p> <a href=\"https:\/\/vimeo.com\/111642327\" target=\"_self\" class=\"fw-btn tf-sh-c7680821634dbb57545fcb28c4e9c77c fw-btn-sm fw-btn-3\" data-rel=\"prettyPhoto\" style=\"\"><br \/>\n WATCH IT ON VIMEO<br \/>\n <\/a><br \/>\n <a class=\"fw-block-image-child fw-ratio-3-2 fw-ratio-container\" href=\"https:\/\/vimeo.com\/111642327\" data-rel=\"prettyPhoto\"><br \/>\n <img src=\"http:\/\/www.brunomourral.com\/wp-content\/uploads\/2016\/05\/film-6.jpg\" alt=\"film-6\" data-maxdpr=\"1.7\" width=\"570\" class=\"lazyload\" \/><img src=\"data:image\/gif;base64,R0lGODlhAQABAIAAAAAAAP\/\/\/yH5BAEAAAAALAAAAAABAAEAAAIBRAA7\" data-sizes=\"auto\" data-srcset=\"http:\/\/www.brunomourral.com\/wp-content\/uploads\/2016\/05\/film-6-300x199.jpg 300w, http:\/\/www.brunomourral.com\/wp-content\/uploads\/2016\/05\/film-6.jpg 554w\" alt=\"film-6\" data-maxdpr=\"1.7\" width=\"570\" class=\"lazyload\" \/><br \/>\n <\/a><\/p>\n<h4 class=\"fw-special-title\">FLAVOURS<\/h4>\n<p style=\"text-align: left;\">Curabitur vulputate, ligula lacinia scelerisque tempor, lacus lacus ornare ante, ac egestas est urna sit amet arcu. Class aptent taciti sociosqu ad litora torquent per conubia nostra, per inceptos himenaeos. Sed molestie augue sit amet leo consequat posuere.<\/p>\n<p> <a href=\"https:\/\/vimeo.com\/111642327\" target=\"_self\" class=\"fw-btn tf-sh-e6020ff09a1a8eb344acbaa1c99a6d9c fw-btn-sm fw-btn-3\" data-rel=\"prettyPhoto\" style=\"\"><br \/>\n WATCH IT ON VIMEO<br \/>\n <\/a><br \/>\n <a href=\"http:\/\/www.brunomourral.com\/?page_id=20\" target=\"_self\" class=\"fw-btn tf-sh-a6e183f358842b655e9716b898866781 fw-btn-lg fw-btn-2\" style=\"\"><br \/>\n \u00a0 Contact My Agent \u00a0<br \/>\n <\/a><\/p>\n<p><!-- 59bf995da141a54878fb6767ea2a5334 --><\/div>\n","protected":false},"excerpt":{"rendered":"<p>BRUNO MOURRAL Motion Pictures, Short Films and Commercials Director KIDNAPPING INC. PITCH Doc and Zoe are delivery-kidnappers for the largest Haitian corporation specialized in kidnapping: Kidnapping Inc. Today&#8217;s schedule is to deliver a senator&#8217;s son worth US $ 300 000 and pick up a ransom. In the midst of their usual bickering, Zoe foolishly misunderstands [&hellip;]<\/p>\n","protected":false},"author":1,"featured_media":0,"parent":0,"menu_order":0,"comment_status":"closed","ping_status":"closed","template":"visual-builder-template.php","meta":[],"_links":{"self":[{"href":"http:\/\/www.brunomourral.com\/index.php?rest_route=\/wp\/v2\/pages\/11"}],"collection":[{"href":"http:\/\/www.brunomourral.com\/index.php?rest_route=\/wp\/v2\/pages"}],"about":[{"href":"http:\/\/www.brunomourral.com\/index.php?rest_route=\/wp\/v2\/types\/page"}],"author":[{"embeddable":true,"href":"http:\/\/www.brunomourral.com\/index.php?rest_route=\/wp\/v2\/users\/1"}],"replies":[{"embeddable":true,"href":"http:\/\/www.brunomourral.com\/index.php?rest_route=%2Fwp%2Fv2%2Fcomments&post=11"}],"version-history":[{"count":6,"href":"http:\/\/www.brunomourral.com\/index.php?rest_route=\/wp\/v2\/pages\/11\/revisions"}],"predecessor-version":[{"id":715,"href":"http:\/\/www.brunomourral.com\/index.php?rest_route=\/wp\/v2\/pages\/11\/revisions\/715"}],"wp:attachment":[{"href":"http:\/\/www.brunomourral.com\/index.php?rest_route=%2Fwp%2Fv2%2Fmedia&parent=11"}],"curies":[{"name":"wp","href":"https:\/\/api.w.org\/{rel}","templated":true}]}}